{"id":24611,"date":"2022-11-12T09:10:29","date_gmt":"2022-11-12T08:10:29","guid":{"rendered":"https:\/\/bechtold.pl\/privacy-policy\/"},"modified":"2022-11-12T10:05:38","modified_gmt":"2022-11-12T09:05:38","slug":"privacy-policy","status":"publish","type":"page","link":"https:\/\/bechtold.pl\/en\/privacy-policy\/","title":{"rendered":"Privacy policy"},"content":{"rendered":"<p>Website privacy policy www.bechtold.pl<\/p>\n<ol>\n<li>\n<h4>GENERAL PROVISIONS<\/h4>\n<ol>\n<li>The Controller of the personal data collected through the www.bechtold.pl website is Magdalena Bechtold operating a business under the name Bechtold&amp;CO Magdalena Bechtold, business address: Jana 17, 91-350 \u0141\u00f3d\u017a, address for delivery: Li\u015bciasta 17, 91-357 \u0141\u00f3d\u017a, NIP: 7261249558, REGON: 472872616, registered in the Central Business Register and Information, e-mail address: bechtold@bechtold.pl, hereinafter referred to as the &#8220;Controller&#8221;, who is, at the same time, the Service Provider., place of business: Jana 17, 91-350 \u0141\u00f3d\u017a, address for delivery: Li\u015bciasta 17, 91-357 \u0141\u00f3d\u017a, NIP: 7261249558, REGON: 472872616, electronic mail address (e-mail): bechtold@bechtold.pl, hereinafter referred to as the &#8220;Controller&#8221;.<\/li>\n<li>Personal data collected by the Controller through the website are processed in accordance with Regulation (EU) 2016\/679 of the European Parliament and of the Council of 27 April 2016<br \/>\non the protection of natural persons with regard to the processing of personal data and on the free movement of such data and repealing Directive 95\/46\/EC (General Data Protection Regulation), hereinafter referred to as GDPR, and the Data Protection Act of 10 May 2018.<\/li>\n<\/ol>\n<\/li>\n<\/ol>\n<p>&nbsp;<\/p>\n<p>TYPE OF PERSONAL DATA PROCESSED, PURPOSE AND SCOPE OF DATA COLLECTION<br \/>\nPURPOSE OF PROCESSING AND LEGAL BASIS. The Controller processes personal data via www.bechtold.pl if:<br \/>\nthe user used the contact form.<br \/>\nPersonal data are processed on the basis of Art.<br \/>\n6(1)<br \/>\n(f) of GDPR as a legitimate interest of the Controller.<br \/>\nthe user subscribed to the Newsletter, in order to send them commercial information via e-mail.<br \/>\nPersonal data are processed upon separate consent, pursuant to Art.<br \/>\n6<br \/>\n(1)(a) of GDPR.<br \/>\nyour personal data has been handed over to ING Bank \u015al\u0105ski S.A. (the &#8220;Bank&#8221;) in connection with:<br \/>\nthe Bank&#8217;s provision of infrastructure for the Online Store for handling payments via the Internet (legal basis: Article 6(1)(f) of the Regulation).<br \/>\nprocessing and settlement by the Bank of payments made by customers of the Online Store via the Internet using payment instruments (legal basis: Article 6(1)(f) of the Regulation).<br \/>\nin order for the Bank to verify the proper performance of agreements concluded with the Online Store, in particular to ensure the protection of payers&#8217; interests in connection with their complaints (legal basis: Article 6(1)(f) of the Regulation).<br \/>\nyour personal data is handed over to Twisto Polska sp.<br \/>\nz o.o. in connection with the possibility of Twisto Polska sp.<br \/>\nz o.o. offering to pay for the purchased goods or services within the framework of the contract of mandate covering the &#8220;Kup z Twisto&#8221; [&#8220;Buy with Twisto&#8221;] purchase formula and making that purchase formula available at the Online Store, as well as for the purpose of verification by Twisto Polska Sp.<br \/>\nz o.o. of the proper performance of such contracts of mandate (legal basis: Article 6(1)(f) of the Regulation).<br \/>\nIn addition to the purposes set forth in paragraph<br \/>\n1 (primary purpose), the Controller may process your personal data for other lawful purposes (secondary purpose) when the primary and secondary purposes are closely related.<br \/>\nAs part of such processing, the Controller, acting pursuant to Art.<br \/>\n6<br \/>\n(1)(f) of the Regulation, provides for the processing of personal data also for secondary purposes.<br \/>\nThe processing of your personal data for the purposes set out in paragraph<br \/>\n2 and in paragraph<br \/>\n3 will occur in connection with the existence of a legitimate interest pursued by the Controller.<br \/>\nTYPE OF PERSONAL DATA PROCESSED.<br \/>\nThe Controller processes the following categories of your personal data:<br \/>\nName,<br \/>\nAddress (residence),<br \/>\nE-mail address,<br \/>\nPhone number,<br \/>\nARCHIVING PERIOD FOR PERSONAL DATA.<br \/>\nUsers&#8217; personal data are stored by the Controller:<br \/>\nwhere the basis for data processing is the performance of an agreement, for as long as it is necessary for the performance of the agreement, and thereafter for a period corresponding to the statute of limitations.<br \/>\nUnless otherwise provided by a specific provision, the statute of limitations is six years, and for claims for periodic benefits and claims related to the conduct of business activity \u2013 three years.<br \/>\nwhere the basis for data processing is consent, for as long as the consent is not revoked, and after the revocation of consent, for a period of time corresponding to the statute of limitations for claims which the Controller may assert and which may be asserted against them.<br \/>\nUnless otherwise provided by a specific provision, the statute of limitations is six years, and for claims for periodic benefits and claims related to the conduct of business activity \u2013 three years.<br \/>\nWhen you use the website, additional information may be collected, in particular: the IP address assigned to your computer or the external IP address of your Internet provider, domain name, browser type, access time, type of operating system.<br \/>\nWe may also collect navigational data from users, including information about the links and references they choose to click on or other actions they take on the website.<br \/>\nThe legal basis for such activities is the legitimate interest of the Controller (Article 6(1)(f) of GDPR), which is to facilitate the use of services provided electronically and to improve the functionality of these services.<br \/>\nThe provision of personal data by the user is voluntary.<br \/>\nPersonal data will also be processed by automated means in the form of profiling, provided that you have given your consent pursuant to Art.<br \/>\n6<br \/>\n(1)(a) of GDPR.<br \/>\nAs a consequence of profiling, a profile will be assigned to the user for the purpose of making decisions regarding that user or to analyze or predict that user&#8217;s preferences, behaviors, and attitudes.<br \/>\nThe Controller shall take special care to protect the interests of data subjects, and in particular shall ensure that the data collected by them are:<br \/>\nprocessed in accordance with the law,<br \/>\ncollected for specified, legitimate purposes and not subject to further processing incompatible with those purposes,<br \/>\nsubstantially correct and adequate in relation to the purposes for which they are processed and stored in a form which enables identification of data subjects for no longer than it is necessary to achieve the purpose of processing.<br \/>\nMAKING PERSONAL DATA AVAILABLE<br \/>\nUsers&#8217; personal data are handed over to the service providers used by the Controller to operate the website.<br \/>\nService providers to whom personal data are handed over, depending on contractual arrangements and circumstances, are either subject to the Controller&#8217;s instructions as to the purposes and means of processing such data (processors) or determine the purposes and means of processing themselves (controllers).<br \/>\nPARTNERS{gid_1}In connection with the processing of personal data for the purposes set out in paragraphs<br \/>\n3 and 4, your personal data may be made available by the Controller to other recipients or categories of recipients of personal data, which may be:<br \/>\nING Bank \u015al\u0105ski S.A.<br \/>\nTwisto Polska sp.<br \/>\nz o.o.<br \/>\nIf you provide your personal data in order for it to be handed over to Twisto Polska sp.<br \/>\nz o.o. before concluding a sale agreement for goods (or services) purchased from the Controller, the handover of such data is a condition for concluding a sale agreement in connection with the business model adopted by the Online Store.<br \/>\nIf you provide your personal data to the Bank in connection with the handling and settlement of payments made by you to the Controller via the Internet using payment instruments, you will be required to provide your data in order to execute the payment and provide confirmation of its execution by the Bank to the Controller.<br \/>\nIn the case of handing over your personal data to the Bank in order for the Bank to verify proper execution of agreements concluded with the Controller, in particular to ensure protection of payers&#8217; interests in connection with their complaints, providing this data is required in order to enable the execution of the agreement concluded between the Online Store and the Bank.<br \/>\nIn case of handing over your personal data to Twisto Polska sp.<br \/>\nz o.o. in connection with the possibility of Twisto Polska sp.<br \/>\nz o.o. offering to pay the price for the goods or services purchased by you within the framework of contract of mandate covering the &#8220;Kup z Twisto&#8221; [&#8220;Buy with Twisto&#8221;] purchase formula and making that formula available by the Controller, providing those data and processing them for that purpose is required in connection with the business model adopted by the Controller and in order to realize the contract concluded between the Controller and Twisto Polska Sp.<br \/>\nz o.o.<br \/>\nYour personal data are stored only within the European Economic Area (EEA).<br \/>\nTHE RIGHT TO CONTROL, ACCESS, AND RECTIFY YOUR OWN DATA<br \/>\nThe data subject has the right to access the content of their personal data and the right to rectification, erasure, restriction of processing, the right to data portability, the right to object, the right to withdraw consent at any time without affecting the lawfulness of processing carried out on the basis of consent before its withdrawal.<br \/>\nThe legal basis for the user&#8217;s request:<br \/>\nAccess to data \u2013 Art.<br \/>\n15 of GDPR<br \/>\nRectification of data \u2013 Art.<br \/>\n16 of GDPR.<br \/>\nDeletion of data (so-called right to be forgotten) \u2013 Art.<br \/>\n17 of GDPR.<br \/>\nID: wpml_trans_unit_1_0_1_3_1_1_1_2_2<br \/>\nLimitation of processing \u2013 Art.<br \/>\n18 of GDPR.<br \/>\nTransfer of data \u2013 Art.<br \/>\n20 of GDPR.<br \/>\nObjection \u2013 Art.<br \/>\n21 of GDPR<br \/>\nWithdrawal of consent \u2013 Art.<br \/>\n7<br \/>\n(3) of GDPR.<br \/>\nIn order to exercise the rights referred to in Section 2, you may send an e-mail to the following address: bechtold@bechtold.pl.<br \/>\nIf a user makes a claim based on the above rights, the Controller shall comply with the claim or refuse to comply with it immediately, but no later than within one month after receiving it.<br \/>\nHowever, if \u2013 due to the complexity of the request or the number of requests \u2013 the Controller is not able to fulfill the request within one month, they will fulfill the request within another two months, having informed the user about the intended extension of the deadline and the reasons for it within one month of receiving the request.<br \/>\nIf it is determined that the processing of personal data violates the provisions of the GDPR, the data subject has the right to lodge a complaint with the President of the Office for Personal Data Protection.<br \/>\nCOOKIES<br \/>\nThe Controller&#8217;s website uses cookies.<br \/>\nThe installation of cookies is necessary for the proper provision of services on the website.<br \/>\nCookies contain information necessary for the proper functioning of the website, and they also provide the possibility to compile general statistics on website visits.<br \/>\nThe website uses session cookies and persistent cookies<br \/>\nSession cookies are temporary files that are stored on the user&#8217;s end device until they log out (leave the site).<br \/>\nPersistent cookies are stored on the user&#8217;s end device for the time specified in the parameters of the cookies or until they are deleted by the user.<br \/>\nThe Controller uses their own cookies to better understand how the user interacts with the site content.<br \/>\nCookies collect information about the way a user uses the website, the type of website from which the user was redirected, and the number of visits and the length of the user&#8217;s visit to the website.<br \/>\nThis information does not record specific personal data of the user, but is used to compile statistics about the use of the site.<br \/>\nThe user has the right to decide on the access of cookies to their computer by selecting them in advance in their browser window.<br \/>\nDetailed information about the possibility and methods of using cookies is available in your software (web browser) settings.<br \/>\nFINAL PROVISIONS<br \/>\nThe Controller shall apply technical and organizational measures to ensure the protection of the processed personal data appropriate to the risks and categories of data protected, and in particular to protect the data against disclosure to unauthorized persons, against appropriation by an unauthorized person, against processing in violation of the applicable regulations, and against alteration, loss, damage, or destruction.<br \/>\nThe Controller provides appropriate technical measures to prevent unauthorized persons from obtaining and modifying personal data sent electronically.<br \/>\nIn matters not regulated by this Privacy Policy, the provisions of GDPR and other relevant provisions of Polish law shall apply respectively.<\/p>\n","protected":false},"excerpt":{"rendered":"<p>Website privacy policy www.bechtold.pl GENERAL PROVISIONS The Controller of the personal data collected through the www.bechtold.pl website is Magdalena Bechtold<\/p>\n","protected":false},"author":1,"featured_media":0,"parent":0,"menu_order":0,"comment_status":"closed","ping_status":"closed","template":"","meta":{"iawp_total_views":30,"footnotes":""},"class_list":["post-24611","page","type-page","status-publish","hentry"],"_links":{"self":[{"href":"https:\/\/bechtold.pl\/en\/wp-json\/wp\/v2\/pages\/24611","targetHints":{"allow":["GET"]}}],"collection":[{"href":"https:\/\/bechtold.pl\/en\/wp-json\/wp\/v2\/pages"}],"about":[{"href":"https:\/\/bechtold.pl\/en\/wp-json\/wp\/v2\/types\/page"}],"author":[{"embeddable":true,"href":"https:\/\/bechtold.pl\/en\/wp-json\/wp\/v2\/users\/1"}],"replies":[{"embeddable":true,"href":"https:\/\/bechtold.pl\/en\/wp-json\/wp\/v2\/comments?post=24611"}],"version-history":[{"count":0,"href":"https:\/\/bechtold.pl\/en\/wp-json\/wp\/v2\/pages\/24611\/revisions"}],"wp:attachment":[{"href":"https:\/\/bechtold.pl\/en\/wp-json\/wp\/v2\/media?parent=24611"}],"curies":[{"name":"wp","href":"https:\/\/api.w.org\/{rel}","templated":true}]}}