{"id":53036,"date":"2020-12-01T10:16:57","date_gmt":"2020-12-01T09:16:57","guid":{"rendered":"https:\/\/bechtold.pl\/produkt\/3-shelf-esu-trolley\/"},"modified":"2024-11-25T16:45:11","modified_gmt":"2024-11-25T15:45:11","slug":"3-shelf-esu-trolley","status":"publish","type":"product","link":"https:\/\/bechtold.pl\/en\/product\/3-shelf-esu-trolley\/","title":{"rendered":"3-shelf ESU trolley"},"content":{"rendered":"<div class=\"wpb-content-wrapper\"><p>[vc_row content_placement=&#8221;middle&#8221; mobile_bg_img_hidden=&#8221;no&#8221; tablet_bg_img_hidden=&#8221;no&#8221; woodmart_parallax=&#8221;0&#8243; woodmart_gradient_switch=&#8221;no&#8221; row_reverse_mobile=&#8221;0&#8243; row_reverse_tablet=&#8221;0&#8243; woodmart_disable_overflow=&#8221;0&#8243;][vc_column width=&#8221;1\/2&#8243;][vc_column_text text_larger=&#8221;no&#8221;]<\/p>\n<h1><span style=\"color: #000000;\"><strong>3-SHELF ESU trolley (TR003)<\/strong><\/span><\/h1>\n<p style=\"text-align: justify;\"><span style=\"color: #ff0000;\"><span style=\"color: #000000;\">TR003 cart, with adjustable position of shelves: height and angle of tilt (front to back <sup>15o<\/sup><\/span><\/span><span style=\"color: #ff0000;\"><span style=\"color: #000000;\">). Mo\u017cliwo\u015b\u0107 dokupienia dodatkowych p\u00f3\u0142ek, ka\u017cda z nich posiada z ty\u0142u listw\u0119 zabezpieczaj\u0105c\u0105 przed zsuwaniem si\u0119 przedmiot\u00f3w.<br \/>\nDobrze dobrane i wywa\u017cone cz\u0119\u015bci sk\u0142adowe zapewniaj\u0105 du\u017c\u0105 stabilno\u015b\u0107.  Antistatic casters with a diameter of 8 cm give ease of movement, two of them are equipped with a locking mechanism.<br \/>\nThe powder-coated steel parts and aluminum profiles are easy to keep clean and resistant to damage.<\/span><\/span><\/p>\n<p style=\"text-align: justify;\"><span style=\"color: #ff0000;\"><span style=\"color: #000000;\">In a neutral light gray color, the cart blends in perfectly in the operating room as well as in the treatment room.<\/span><\/span><\/p>\n<p style=\"text-align: justify;\"><span style=\"color: #ff0000;\"><span style=\"color: #000000;\">The large lifting capacity, static as well as dynamic, makes it a functional piece of equipment. <\/span><\/span><\/p>\n<h2><span style=\"color: #000000;\">APPLICATIONS:<\/span><\/h2>\n<p><span style=\"color: #ff0000;\"><span style=\"color: #000000;\"><span style=\"color: #0000ff;\"><span style=\"color: #000000;\">For medical devices such as. ELTRON, units  <\/span> <span style=\"color: #000000;\">For microdermabrasion, lasers and others.<\/span><\/span><\/span><\/span><\/p>\n<p>[\/vc_column_text][\/vc_column][vc_column width=&#8221;1\/2&#8243;][vc_single_image image=&#8221;44394&#8243; img_size=&#8221;full&#8221; alignment=&#8221;center&#8221; parallax_scroll=&#8221;no&#8221;][\/vc_column][\/vc_row][vc_row][vc_column][vc_column_text text_larger=&#8221;no&#8221;]<\/p>\n<h2><span style=\"color: #000000;\">SPECIFICATIONS<\/span><\/h2>\n<table class=\"bechtold cke_show_border\" style=\"height: 327px;\" border=\"0\" width=\"465\">\n<tbody>\n<tr>\n<td class=\"bechtold-naglowek\">PARAMETER<\/td>\n<td class=\"bechtold-naglowek\" style=\"text-align: center;\"><strong>TR003<\/strong><\/td>\n<td class=\"bechtold-naglowek\" style=\"text-align: center;\"><strong>TR004<\/strong><\/td>\n<td class=\"bechtold-naglowek\" style=\"text-align: center;\"><strong>TR005<\/strong><\/td>\n<td class=\"bechtold-naglowek\" style=\"text-align: center;\"><strong>TR003W<\/strong><\/td>\n<\/tr>\n<tr>\n<td><strong>Height (cm)<\/strong><\/td>\n<td style=\"text-align: center;\"> 80<\/td>\n<td style=\"text-align: center;\">90<\/td>\n<td style=\"text-align: center;\">115<\/td>\n<td style=\"text-align: center;\">80<\/td>\n<\/tr>\n<tr>\n<td><strong>Width (cm)<\/strong><\/td>\n<td style=\"text-align: center;\"> 51<\/td>\n<td style=\"text-align: center;\">51<\/td>\n<td style=\"text-align: center;\">51<\/td>\n<td style=\"text-align: center;\">58<\/td>\n<\/tr>\n<tr>\n<td><strong>Depth (cm)<\/strong><\/td>\n<td style=\"text-align: center;\"> 46<\/td>\n<td style=\"text-align: center;\">46<\/td>\n<td style=\"text-align: center;\">46<\/td>\n<td style=\"text-align: center;\">46<\/td>\n<\/tr>\n<tr>\n<td><strong>Weight (kg)<\/strong><\/td>\n<td style=\"text-align: center;\"> 17<\/td>\n<td style=\"text-align: center;\"> 18<\/td>\n<td style=\"text-align: center;\">19<\/td>\n<td style=\"text-align: center;\">17<\/td>\n<\/tr>\n<tr>\n<td><strong>Shelf width (cm)<\/strong><\/td>\n<td style=\"text-align: center;\"> 40<\/td>\n<td style=\"text-align: center;\"> 40<\/td>\n<td style=\"text-align: center;\"> 40<\/td>\n<td style=\"text-align: center;\">47<\/td>\n<\/tr>\n<tr>\n<td><strong>Shelf depth (cm)<\/strong><\/td>\n<td style=\"text-align: center;\"> 36<\/td>\n<td style=\"text-align: center;\"> 36<\/td>\n<td style=\"text-align: center;\"> 36<\/td>\n<td style=\"text-align: center;\">36<\/td>\n<\/tr>\n<tr>\n<td><strong>Shelves<\/strong><\/td>\n<td colspan=\"4\">\n<p style=\"text-align: center;\">Height of shelves infinitely adjustable, possibility<br \/>\ntilt of shelves +\/- 15 (except bottom shelf &#8211; base)<br \/>\nPossibility of placing equipment with larger<br \/>\ndimensions on the top shelf, only the legs must fit on the top shelf.<br \/>\nShelves have a safety strip on the back<br \/>\n(except bottom shelf &#8211; base)<\/p>\n<\/td>\n<\/tr>\n<tr>\n<td><strong>Color<\/strong><\/td>\n<td style=\"text-align: center;\" colspan=\"4\"> RAL 7035<\/td>\n<\/tr>\n<tr>\n<td><strong>Material<\/strong><\/td>\n<td style=\"text-align: center;\" colspan=\"4\"> Aluminum profiles + powder coated steel<\/td>\n<\/tr>\n<tr>\n<td><strong>Wheels<\/strong><\/td>\n<td style=\"text-align: center;\" colspan=\"4\"> Swivel, anti-static, front pair with brakes,<br \/>\ndiameter 8cm<\/td>\n<\/tr>\n<tr>\n<td><strong>Lifting capacity<\/strong><\/td>\n<td style=\"text-align: center;\" colspan=\"4\"> static 140kg, dynamic 70kg<\/td>\n<\/tr>\n<tr>\n<td><strong>Shipping dimensions<\/strong><\/td>\n<td style=\"text-align: center;\"> 13x47x67cm<\/td>\n<td style=\"text-align: center;\"> 13x47x76cm<\/td>\n<td style=\"text-align: center;\"> 13x47x100cm<\/td>\n<td style=\"text-align: center;\"> 13x47x67cm<\/td>\n<\/tr>\n<tr>\n<td><strong>Comments<\/strong><\/td>\n<td colspan=\"4\">\n<p style=\"text-align: center;\">Cart shipped disassembled, easy to assemble,<br \/>\ninstructions inside the package<\/p>\n<\/td>\n<\/tr>\n<\/tbody>\n<\/table>\n<p>[\/vc_column_text][\/vc_column][\/vc_row]<\/p>\n<\/div>","protected":false},"excerpt":{"rendered":"<p>3-shelf ESU trolley<\/p>\n","protected":false},"featured_media":46963,"template":"","meta":{"iawp_total_views":10},"product_brand":[],"product_cat":[578],"product_tag":[],"class_list":{"0":"post-53036","1":"product","2":"type-product","3":"status-publish","4":"has-post-thumbnail","6":"product_cat-trolleys","7":"product_shipping_class-up-to-20-kg","9":"first","10":"instock","11":"taxable","12":"shipping-taxable","13":"purchasable","14":"product-type-simple"},"_links":{"self":[{"href":"https:\/\/bechtold.pl\/en\/wp-json\/wp\/v2\/product\/53036","targetHints":{"allow":["GET"]}}],"collection":[{"href":"https:\/\/bechtold.pl\/en\/wp-json\/wp\/v2\/product"}],"about":[{"href":"https:\/\/bechtold.pl\/en\/wp-json\/wp\/v2\/types\/product"}],"wp:featuredmedia":[{"embeddable":true,"href":"https:\/\/bechtold.pl\/en\/wp-json\/wp\/v2\/media\/46963"}],"wp:attachment":[{"href":"https:\/\/bechtold.pl\/en\/wp-json\/wp\/v2\/media?parent=53036"}],"wp:term":[{"taxonomy":"product_brand","embeddable":true,"href":"https:\/\/bechtold.pl\/en\/wp-json\/wp\/v2\/product_brand?post=53036"},{"taxonomy":"product_cat","embeddable":true,"href":"https:\/\/bechtold.pl\/en\/wp-json\/wp\/v2\/product_cat?post=53036"},{"taxonomy":"product_tag","embeddable":true,"href":"https:\/\/bechtold.pl\/en\/wp-json\/wp\/v2\/product_tag?post=53036"}],"curies":[{"name":"wp","href":"https:\/\/api.w.org\/{rel}","templated":true}]}}